{"id":20,"date":"2019-01-28T20:15:16","date_gmt":"2019-01-28T20:15:16","guid":{"rendered":"http:\/\/localhost\/oswaldoruiz\/?page_id=20"},"modified":"2025-02-27T16:54:04","modified_gmt":"2025-02-27T16:54:04","slug":"bio","status":"publish","type":"page","link":"https:\/\/oswaldoruiz.net\/es\/bio\/","title":{"rendered":"Biograf\u00eda"},"content":{"rendered":"<p>Oswaldo Ruiz (Monterrey, Nuevo Le\u00f3n, 1977) estudi\u00f3 arquitectura en la Universidad Aut\u00f3noma de Nuevo Le\u00f3n (UANL), para dedicarse despu\u00e9s a la fotograf\u00eda. Realiz\u00f3 estudios de posgrado en psicoan\u00e1lisis, filosof\u00eda e historia del arte en la Universitat Aut\u00f2noma de Barcelona (UAB) y posteriormente curs\u00f3 en 2006 la maestr\u00eda en Bellas Artes en el Central Saint Martins College de Londres. Entre 2015 y 2018 trabaj\u00f3 como asistente de la fot\u00f3grafa Graciela Iturbide.<\/p>\n<p>Su trabajo sobre el paisaje cambiante de M\u00e9xico se desarrolla por medio de ensayos visuales, enfoc\u00e1ndose en las relaciones entre el espacio y su dimensi\u00f3n pol\u00edtica. Se interesa en la manera en que la construcci\u00f3n de un lugar da sustento a la ideolog\u00eda a trav\u00e9s de sus materiales y caracater\u00edsticas. Su trabajo sigue la l\u00ednea de una arqueolog\u00eda de lo contempor\u00e1neo utilizando la fotograf\u00eda anal\u00f3gica, digital y el video para explorar un sentido del tiempo en sus im\u00e1genes.<\/p>\n<p>Ha tenido m\u00e1s de doce exposiciones individuales entre las que destacan: <em>Talking Fields<\/em> (Soco Gallery, Charlotte, EUA, 2024);\u00a0<em>El cham\u00e1n y la presa<\/em> (Bodeg\u00f3n Cultural Los Vilos, Chile, 2023);\u00a0<i>La memoria de la sustancia (Galer\u00eda Patricia Conde, Ciudad de M\u00e9xico, 2023);\u00a0<\/i><em>Nostalgia de cat\u00e1strofes<\/em> (Galer\u00eda Patricia Conde, Ciudad de M\u00e9xico, 2018); <em>Welcome to Paradise<\/em> (Fototeca Nuevo Le\u00f3n, Monterrey, 2018, y Centro de la Imagen, Ciudad de M\u00e9xico, 2017); <em>Espacio que cabe entre dos tiempos<\/em> (Galer\u00eda Heart Ego, Monterrey, 2016); <em>Anudamientos<\/em> (Museo de la Ciudad de M\u00e9xico, Ciudad de M\u00e9xico, 2013); <em>Frecuencia natural<\/em> (Galer\u00eda Luis Adelantado, Ciudad de M\u00e9xico, 2011), <em>Oswaldo Ruiz 2002-2009<\/em> (Fototeca Nuevo Le\u00f3n, Monterrey, 2010) y <em>Last Night<\/em> (Irish Museum of Modern Art, Dubl\u00edn, 2010).<\/p>\n<p>Ha participado asimismo en m\u00e1s de medio centenar de muestras colectivas, entre las que se distinguen:\u00a0<i>Otras cartograf\u00edas<\/i>\u00a0(Museo Universitario de Arte Contempor\u00e1neo MUAC, Ciudad de M\u00e9xico, 2024) );\u00a0<i>Monumentos sin monumentalidad<\/i>, Las Artes Monterrey (Con curadur\u00eda de Cuauht\u00e9moc Medina, Festival Santa Luc\u00eda, Monterrey, 2024);\u00a0<i>Nuevo Le\u00f3n: el futuro no est\u00e1 escrito (<\/i>Museo de Arte Contempor\u00e1neo de Monterrey, MARCO, Monterrey, 2024);\u00a0<em>Constituci\u00f3n mexicana 1917-2017. Im\u00e1genes y voces<\/em> (Galer\u00eda del Palacio Nacional, Ciudad de M\u00e9xico, 2017); <em>Tlaxotlali: Alternancia de ciclos\u00a0<\/em>(Casa del Lago, Ciudad de M\u00e9xico, 2017); <em>XII Bienal FEMSA \/ Po\u00e9ticas del decrecimiento, \u00bfc\u00f3mo vivir mejor con menos?<\/em> (Centro de las Artes, Monterrey, 2016); <em>Develar y detonar. Fotograf\u00eda en M\u00e9xico ca. 2015<\/em> (Centro Cibeles, Madrid, y Centro Nacional de las Artes, Ciudad de M\u00e9xico, 2015); <em>Existe todo lo que tiene nombre<\/em> (Camera Works, San Francisco, California, 2015); <em>Dirty, Poorly Dressed and Filled With Love<\/em> (Erehwon Center for the Arts, Quezon, Filipinas, 2013); <em>El v\u00e9rtigo de la abundancia<\/em> (Casa del Lago, UNAM, Ciudad de M\u00e9xico, 2013); entre otras.<\/p>\n<p>Su obra ha recibido diferentes reconocimientos nacionales e internacionales como el Premio de adquisici\u00f3n en la XVIII Bienal de Fotograf\u00eda del Centro de la Imagen (2018), el Premio SIVAM (2006), el Premio Petrobras-Buenos Aires Photo (2006) y el Premio de Adquisici\u00f3n en la II Bienal de Artes Visuales de Yucat\u00e1n (2004). Tambi\u00e9n ha sido publicada en diversos libros, revistas y cat\u00e1logos, y expuesta en las ferias internacionales Madrid Foto (2012 y 2011) y Paris Photo (2006, 2007, 2023). Es Miembro del Sistema Nacional de Creadores de Arte del SACPC, en las ediciones 2018 y 2023.<\/p>","protected":false},"excerpt":{"rendered":"<p>Oswaldo Ruiz (Monterrey, Nuevo Le\u00f3n, 1977) estudi\u00f3 arquitectura en la Universidad Aut\u00f3noma de Nuevo Le\u00f3n (UANL), para dedicarse despu\u00e9s a la fotograf\u00eda. Realiz\u00f3 estudios de posgrado en psicoan\u00e1lisis, filosof\u00eda e historia del arte en la Universitat Aut\u00f2noma de Barcelona (UAB) y posteriormente curs\u00f3 en 2006 la maestr\u00eda en Bellas Artes en el Central Saint Martins [&hellip;]<\/p>\n","protected":false},"author":1,"featured_media":0,"parent":0,"menu_order":0,"comment_status":"closed","ping_status":"closed","template":"","meta":{"footnotes":""},"class_list":["post-20","page","type-page","status-publish","hentry"],"_links":{"self":[{"href":"https:\/\/oswaldoruiz.net\/es\/wp-json\/wp\/v2\/pages\/20","targetHints":{"allow":["GET"]}}],"collection":[{"href":"https:\/\/oswaldoruiz.net\/es\/wp-json\/wp\/v2\/pages"}],"about":[{"href":"https:\/\/oswaldoruiz.net\/es\/wp-json\/wp\/v2\/types\/page"}],"author":[{"embeddable":true,"href":"https:\/\/oswaldoruiz.net\/es\/wp-json\/wp\/v2\/users\/1"}],"replies":[{"embeddable":true,"href":"https:\/\/oswaldoruiz.net\/es\/wp-json\/wp\/v2\/comments?post=20"}],"version-history":[{"count":8,"href":"https:\/\/oswaldoruiz.net\/es\/wp-json\/wp\/v2\/pages\/20\/revisions"}],"predecessor-version":[{"id":939,"href":"https:\/\/oswaldoruiz.net\/es\/wp-json\/wp\/v2\/pages\/20\/revisions\/939"}],"wp:attachment":[{"href":"https:\/\/oswaldoruiz.net\/es\/wp-json\/wp\/v2\/media?parent=20"}],"curies":[{"name":"wp","href":"https:\/\/api.w.org\/{rel}","templated":true}]}}